{"id":8096,"date":"2018-02-28T07:40:29","date_gmt":"2018-02-28T07:40:29","guid":{"rendered":"https:\/\/enovathemes.com\/samatex\/?page_id=8096"},"modified":"2020-09-26T17:47:13","modified_gmt":"2020-09-26T22:47:13","slug":"about-us","status":"publish","type":"page","link":"https:\/\/integriga.com\/index.php\/about-us\/","title":{"rendered":"About us"},"content":{"rendered":"[vc_row][vc_column]<span class=\"et-gap et-clearfix et-gap-183519 hide767\"><\/span>[vc_single_image image=&#8221;18090&#8243; img_size=&#8221;large&#8221; alignment=&#8221;center&#8221;]<span class=\"et-gap et-clearfix et-gap-78317\"><\/span><h3 class=\"et-heading text-align-center tablet-text-align-inherit mobile-text-align-inherit animate-false no-animation-type\" id=\"et-heading-672088\" data-delay=\"0\" data-mobile-font=\"56px\" data-mobile-line-height=\"inherit\" data-tablet-landscape-font=\"inherit\" data-tablet-portrait-font=\"inherit\" data-tablet-landscape-line-height=\"inherit\" data-tablet-portrait-line-height=\"inherit\" data-parallax=\"false\" data-move=\"false\" data-coordinatex=\"0\" data-coordinatey=\"0\" data-speed=\"10\"><span class=\"text-wrapper\"><span class=\"text\">\u00bfQui\u00e9nes somos?<\/span><\/span><\/h3><span class=\"et-gap et-clearfix et-gap-230104\"><\/span><p class=\"et-heading text-align-center tablet-text-align-inherit mobile-text-align-inherit animate-false no-animation-type\" id=\"et-heading-608064\" data-delay=\"0\" data-mobile-font=\"inherit\" data-mobile-line-height=\"inherit\" data-tablet-landscape-font=\"inherit\" data-tablet-portrait-font=\"inherit\" data-tablet-landscape-line-height=\"inherit\" data-tablet-portrait-line-height=\"inherit\" data-parallax=\"false\" data-move=\"false\" data-coordinatex=\"0\" data-coordinatey=\"0\" data-speed=\"10\"><span class=\"text-wrapper\"><span class=\"text\">Industrial solutions to boost your success<\/span><\/span><\/p><span class=\"et-gap et-clearfix et-gap-686723\"><\/span>[vc_column_text animation_delay=&#8221;0&#8243;]<span class=\"et-font-size\" data-fontsize=\"24px\" data-lineheight=\"32px\">Somos una empresa especializada en el dise\u00f1o y fabricaci\u00f3n de soluciones para la industria, comprometida con la mejora de los procesos y el \u00e9xito de sus clientes.<br \/>\n<\/span>[\/vc_column_text]<span class=\"et-gap et-clearfix et-gap-686723\"><\/span>[\/vc_column][\/vc_row][vc_row gap=&#8221;0&#8243; element_id=&#8221;767292&#8243; element_css=&#8221;.vc-row-666916 .top-gradient {background:linear-gradient(to bottom, #ffffff 0%,rgba(255,255,255,0) 100%);}&#8221; grid_overlay=&#8221;black&#8221; css=&#8221;.vc_custom_1548925835685{padding-top: 96px !important;padding-bottom: 0px !important;}&#8221;][vc_column width=&#8221;1\/4&#8243;][\/vc_column][vc_column animation_delay=&#8221;0&#8243; css_animation=&#8221;bottom-to-top&#8221; width=&#8221;1\/2&#8243; element_id=&#8221;813566&#8243; crp=&#8221;480:i:i,480-768:i:i,768-1024:i:i,1024-1280:i:i,1280-1366:i:i,1366-1600:i:i,1600-1920:i:i&#8221;]<span class=\"et-gap et-clearfix et-gap-713538\"><\/span><p class=\"et-heading text-align-center tablet-text-align-inherit mobile-text-align-inherit animate-true words-direct\" id=\"et-heading-812398\" data-delay=\"100\" data-mobile-font=\"32px\" data-mobile-line-height=\"inherit\" data-tablet-landscape-font=\"inherit\" data-tablet-portrait-font=\"inherit\" data-tablet-landscape-line-height=\"inherit\" data-tablet-portrait-line-height=\"inherit\" data-parallax=\"false\" data-move=\"false\" data-coordinatex=\"0\" data-coordinatey=\"0\" data-speed=\"10\"><span class=\"text-wrapper\"><span class=\"text\"><span class=\"highlight\" style=\"color: #f11523;\">There is always a rich history behind Experience, Trust and Operational Excellence<\/span> <\/span><\/span><\/p><span class=\"et-gap et-clearfix et-gap-215346\"><\/span>[\/vc_column][vc_column width=&#8221;1\/4&#8243;][\/vc_column][\/vc_row][vc_row element_id=&#8221;233081&#8243; element_css=&#8221;.vc-row-666916 .top-gradient {background:linear-gradient(to bottom, #ffffff 0%,rgba(255,255,255,0) 100%);}&#8221; grid_overlay=&#8221;black&#8221; css=&#8221;.vc_custom_1548927243306{padding-top: 0px !important;padding-bottom: 96px !important;}&#8221;][vc_column]<div id=\"et-step-box-container-273306\" class=\"column-1 et-step-box-container\"><div id=\"et-step-box-375389\" class=\"et-step-box et-item\"><div class=\"et-step-box-inner et-item-inner et-clearfix\"><div class=\"et-step-content et-clearfix\"><div class=\"step-dot\"><span class=\"before\"><\/span><\/div><h3 class=\"et-step-box-title\">1995. Los inicios<\/h3><p class=\"et-step-box-content\"><span class=\"et-font-size\" data-fontsize=\"18px\" data-lineheight=\"28px\">El Ingeniero Cuauht\u00e9moc y su hijo el Ingeniero Horacio Guti\u00e9rrez deciden emprender y comienzan un proyecto personal llamado Maquinados Guti\u00e9rrez, en conjunto suman m\u00e1s de 50 a\u00f1os de experiencia en la industria automotriz y metal-mec\u00e1nica en todo lo relativo a maquinados y soluci\u00f3n de retos industriales.<\/span><\/p><\/div><\/div><\/div><div id=\"et-step-box-50300\" class=\"et-step-box et-item\"><div class=\"et-step-box-inner et-item-inner et-clearfix\"><div class=\"et-step-content et-clearfix\"><div class=\"step-dot\"><span class=\"before\"><\/span><\/div><h3 class=\"et-step-box-title\">1996. Calentando motores<\/h3><p class=\"et-step-box-content\"><span class=\"et-font-size\" data-fontsize=\"18px\" data-lineheight=\"28px\">Colabora con su primer cliente, B\u00e1sculas Mavin.<\/span><\/p><\/div><\/div><\/div><div id=\"et-step-box-839127\" class=\"et-step-box et-item\"><div class=\"et-step-box-inner et-item-inner et-clearfix\"><div class=\"et-step-content et-clearfix\"><div class=\"step-dot\"><span class=\"before\"><\/span><\/div><h3 class=\"et-step-box-title\">1996-2019. Crecimiento y experiencia<\/h3><p class=\"et-step-box-content\"><span class=\"et-font-size\" data-fontsize=\"18px\" data-lineheight=\"28px\">En el transcurso del tiempo y debido a su gran experiencia en dise\u00f1o y soluci\u00f3n de problemas, se consolida como proveedor de empresas como: <b>Arvin<\/b> <b>Meritor<\/b><b>, Dana, Valeo <\/b><b>Wipers<\/b><b>, Robert Bosch, Valeo Sistemas El\u00e9ctricos, Mabe <\/b><b>Leiser<\/b><b>, <\/b><b>Cummins<\/b><b> Motores, <\/b><b>Cummins<\/b><b> Generadores<\/b>, entre otras. Adem\u00e1s de trabajar para la industria automotriz y metal-mec\u00e1nica, se integr\u00f3 como proveedor de industrias mineras <b>como New Gold y TDW <\/b><b>Drilling<\/b><b>.<\/b><\/span><\/p><\/div><\/div><\/div><div id=\"et-step-box-527467\" class=\"et-step-box et-item\"><div class=\"et-step-box-inner et-item-inner et-clearfix\"><div class=\"et-step-content et-clearfix\"><div class=\"step-dot\"><span class=\"before\"><\/span><\/div><h3 class=\"et-step-box-title\">2020. INTEGRIGA SOLUCIONES INDUSTRIALES S.A. DE C.V.<\/h3><p class=\"et-step-box-content\"><span class=\"et-font-size\" data-fontsize=\"18px\" data-lineheight=\"28px\">Se unen los talentos y experiencia de nuevos socios tales como Adrian Meza, quien cuenta con una trayectoria industrial de m\u00e1s de 20 a\u00f1os en importantes empresas del ramo Automotriz, en \u00e1reas de Proyectos de Calidad, de Proveedores y Comercial, y quien lider\u00f3 el exitoso lanzamiento de proyectos de gran trascendencia. Es as\u00ed, y despu\u00e9s de culminar un proyecto de adquisici\u00f3n de maquinaria y equipo, y de mejoramiento de las instalaciones, que se consolida hoy INTEGRIGA SOLUCIONES INDUSTRIALES S.A. de C.V.<\/span><\/p><\/div><\/div><\/div><\/div>[\/vc_column][\/vc_row][vc_row gap=&#8221;48&#8243; element_id=&#8221;910944&#8243; parallax=&#8221;true&#8221; css=&#8221;.vc_custom_1600537563689{padding-top: 96px !important;padding-bottom: 0px !important;background-color: #212121 !important;}&#8221; el_class=&#8221;background-position-right-bottom&#8221;][vc_column animation_delay=&#8221;0&#8243; css_animation=&#8221;right-to-left&#8221; element_id=&#8221;187591&#8243; offset=&#8221;vc_col-lg-12 vc_col-md-12 vc_col-xs-12&#8243; crp=&#8221;480:i:i,480-768:i:i,768-1024:i:i,1024-1280:i:i,1280-1366:i:i,1366-1600:i:i,1600-1920:i:i&#8221;]<h3 class=\"et-heading text-align-center tablet-text-align-inherit mobile-text-align-inherit animate-false no-animation-type\" id=\"et-heading-926530\" data-delay=\"0\" data-mobile-font=\"32px\" data-mobile-line-height=\"inherit\" data-tablet-landscape-font=\"inherit\" data-tablet-portrait-font=\"inherit\" data-tablet-landscape-line-height=\"inherit\" data-tablet-portrait-line-height=\"inherit\" data-parallax=\"false\" data-move=\"false\" data-coordinatex=\"0\" data-coordinatey=\"0\" data-speed=\"10\"><span class=\"text-wrapper\"><span class=\"text\">Nuestros Clientes<\/span><\/span><\/h3>[\/vc_column][\/vc_row][vc_row element_id=&#8221;589474&#8243; element_css=&#8221;.vc-row-667817 .parallax-container {background-image:url(http:\/\/integriga.com\/wp-content\/uploads\/2019\/01\/industrial6-2.jpg);}&#8221; grid_overlay=&#8221;white&#8221; css=&#8221;.vc_custom_1601140018702{padding-top: 120px !important;padding-bottom: 120px !important;background-color: #212121 !important;}&#8221; el_class=&#8221;background-position-right-bottom&#8221;][vc_column animation_delay=&#8221;0&#8243; element_id=&#8221;401125&#8243; crp=&#8221;480:i:i,480-768:i:i,768-1024:10:10,1024-1280:20:20,1280-1366:i:i,1366-1600:i:i,1600-1920:i:i&#8221; offset=&#8221;vc_col-lg-6 vc_col-md-12 vc_col-xs-12&#8243;]<div id=\"et-icon-box-341637\" class=\"et-icon-box et-item icon-position-top icon-alignment-center hover-none\" data-parallax=\"false\" data-move=\"false\" data-coordinatex=\"0\" data-coordinatey=\"0\" data-speed=\"10\"><div class=\"et-icon-box-inner et-item-inner et-clearfix\"><div class=\"et-icon large-xx\"><span class=\"el-icon industrial enova-industrial-manufacturing\"><\/span><\/div><div class=\"et-icon-content et-clearfix\"><h3 class=\"et-icon-box-title\">Industria Automotriz<\/h3><p class=\"et-icon-box-content\"><span style=\"font-weight: 600;\"><span class=\"et-font-size\" data-fontsize=\"18px\" data-lineheight=\"28px\"><\/span><\/span><\/p><\/div><\/div><\/div><span class=\"et-gap et-clearfix et-gap-490894\"><\/span><div id=\"et-icon-box-610216\" class=\"et-icon-box et-item icon-position-top icon-alignment-center hover-none\" data-parallax=\"false\" data-move=\"false\" data-coordinatex=\"0\" data-coordinatey=\"0\" data-speed=\"10\"><div class=\"et-icon-box-inner et-item-inner et-clearfix\"><div class=\"et-icon large-xx\"><span class=\"el-icon industrial enova-industrial-product1\"><\/span><\/div><div class=\"et-icon-content et-clearfix\"><h3 class=\"et-icon-box-title\">Sector Appliances<\/h3><p class=\"et-icon-box-content\"><span style=\"font-weight: 600;\"><span class=\"et-font-size\" data-fontsize=\"18px\" data-lineheight=\"28px\"><\/span><\/span><\/p><\/div><\/div><\/div><span class=\"et-gap et-clearfix et-gap-993285 hide1280\"><\/span>[\/vc_column][vc_column animation_delay=&#8221;0&#8243; element_id=&#8221;491115&#8243; offset=&#8221;vc_col-lg-6 vc_col-md-12 vc_col-xs-12&#8243; crp=&#8221;480:i:i,480-768:i:i,768-1024:10:10,1024-1280:20:20,1280-1366:i:i,1366-1600:i:i,1600-1920:i:i&#8221;]<div id=\"et-icon-box-660655\" class=\"et-icon-box et-item icon-position-top icon-alignment-center hover-none\" data-parallax=\"false\" data-move=\"false\" data-coordinatex=\"0\" data-coordinatey=\"0\" data-speed=\"10\"><div class=\"et-icon-box-inner et-item-inner et-clearfix\"><div class=\"et-icon large-xx\"><span class=\"el-icon industrial enova-industrial-truck2\"><\/span><\/div><div class=\"et-icon-content et-clearfix\"><h3 class=\"et-icon-box-title\">Sector Heavy Duty<\/h3><p class=\"et-icon-box-content\"><span style=\"font-weight: 600;\"><span class=\"et-font-size\" data-fontsize=\"18px\" data-lineheight=\"28px\"><\/span><\/span><\/p><\/div><\/div><\/div><span class=\"et-gap et-clearfix et-gap-216655\"><\/span><div id=\"et-icon-box-678975\" class=\"et-icon-box et-item icon-position-top icon-alignment-center hover-none\" data-parallax=\"false\" data-move=\"false\" data-coordinatex=\"0\" data-coordinatey=\"0\" data-speed=\"10\"><div class=\"et-icon-box-inner et-item-inner et-clearfix\"><div class=\"et-icon large-xx\"><span class=\"el-icon industrial enova-industrial-manufacturing-plant\"><\/span><\/div><div class=\"et-icon-content et-clearfix\"><h3 class=\"et-icon-box-title\">Industria Metal-mec\u00e1nica y Minera<\/h3><p class=\"et-icon-box-content\"><span style=\"font-weight: 600;\"><span class=\"et-font-size\" data-fontsize=\"18px\" data-lineheight=\"28px\"><\/span><\/span><\/p><\/div><\/div><\/div>[\/vc_column][\/vc_row]\n","protected":false},"excerpt":{"rendered":"<p>[vc_row][vc_column][vc_single_image image=&#8221;18090&#8243; img_size=&#8221;large&#8221; alignment=&#8221;center&#8221;][vc_column_text animation_delay=&#8221;0&#8243;][\/vc_column_text][\/vc_column][\/vc_row][vc_row gap=&#8221;0&#8243; element_id=&#8221;767292&#8243; element_css=&#8221;.vc-row-666916 .top-gradient {background:linear-gradient(to bottom, #ffffff 0%,rgba(255,255,255,0) 100%);}&#8221; grid_overlay=&#8221;black&#8221; css=&#8221;.vc_custom_1548925835685{padding-top: 96px !important;padding-bottom: 0px !important;}&#8221;][vc_column width=&#8221;1\/4&#8243;][\/vc_column][vc_column animation_delay=&#8221;0&#8243; css_animation=&#8221;bottom-to-top&#8221; width=&#8221;1\/2&#8243; element_id=&#8221;813566&#8243; crp=&#8221;480:i:i,480-768:i:i,768-1024:i:i,1024-1280:i:i,1280-1366:i:i,1366-1600:i:i,1600-1920:i:i&#8221;][\/vc_column][vc_column width=&#8221;1\/4&#8243;][\/vc_column][\/vc_row][vc_row element_id=&#8221;233081&#8243; element_css=&#8221;.vc-row-666916 .top-gradient {background:linear-gradient(to bottom, #ffffff 0%,rgba(255,255,255,0) 100%);}&#8221; grid_overlay=&#8221;black&#8221; css=&#8221;.vc_custom_1548927243306{padding-top: 0px !important;padding-bottom: 96px !important;}&#8221;][vc_column][\/vc_column][\/vc_row][vc_row gap=&#8221;48&#8243; element_id=&#8221;910944&#8243; parallax=&#8221;true&#8221; css=&#8221;.vc_custom_1600537563689{padding-top: 96px !important;padding-bottom: 0px !important;background-color: #212121 !important;}&#8221; el_class=&#8221;background-position-right-bottom&#8221;][vc_column animation_delay=&#8221;0&#8243; css_animation=&#8221;right-to-left&#8221; element_id=&#8221;187591&#8243; [&hellip;]<\/p>\n","protected":false},"author":1,"featured_media":0,"parent":0,"menu_order":0,"comment_status":"closed","ping_status":"closed","template":"page-vc.php","meta":[],"_links":{"self":[{"href":"https:\/\/integriga.com\/index.php\/wp-json\/wp\/v2\/pages\/8096"}],"collection":[{"href":"https:\/\/integriga.com\/index.php\/wp-json\/wp\/v2\/pages"}],"about":[{"href":"https:\/\/integriga.com\/index.php\/wp-json\/wp\/v2\/types\/page"}],"author":[{"embeddable":true,"href":"https:\/\/integriga.com\/index.php\/wp-json\/wp\/v2\/users\/1"}],"replies":[{"embeddable":true,"href":"https:\/\/integriga.com\/index.php\/wp-json\/wp\/v2\/comments?post=8096"}],"version-history":[{"count":13,"href":"https:\/\/integriga.com\/index.php\/wp-json\/wp\/v2\/pages\/8096\/revisions"}],"predecessor-version":[{"id":18111,"href":"https:\/\/integriga.com\/index.php\/wp-json\/wp\/v2\/pages\/8096\/revisions\/18111"}],"wp:attachment":[{"href":"https:\/\/integriga.com\/index.php\/wp-json\/wp\/v2\/media?parent=8096"}],"curies":[{"name":"wp","href":"https:\/\/api.w.org\/{rel}","templated":true}]}}